{"id":3,"date":"2022-06-17T08:23:41","date_gmt":"2022-06-17T06:23:41","guid":{"rendered":"https:\/\/fs.fernfh.ac.at\/?page_id=3"},"modified":"2024-03-27T13:33:36","modified_gmt":"2024-03-27T12:33:36","slug":"datenschutzerklaerung","status":"publish","type":"page","link":"https:\/\/shop.fernfh.ac.at\/?page_id=3","title":{"rendered":"Datenschutzerkl\u00e4rung"},"content":{"rendered":"\n<h2 class=\"wp-block-heading\">Wer wir sind<\/h2>\n\n\n\n<p>Diese Richtlinie erkl\u00e4rt, welche personenbezogenen Daten w\u00e4hrend eines Besuchs des FernFH Shops bzw. beim Abrufen der unter der Domain&nbsp;<a href=\"https:\/\/shop.fernfh.ac.at\/\">https:\/\/shop.fernfh.ac.at\/<\/a>&nbsp; bereitgestellten Inhalte erhoben werden und wie die wir mit diesen Daten umgehen.<\/p>\n\n\n\n<h2 class=\"wp-block-heading\">Welche pers\u00f6nlichen Daten wir sammeln und warum wir sie sammeln<\/h2>\n\n\n\n<h3 class=\"wp-block-heading\">Kommentare<\/h3>\n\n\n\n<p>Wenn Besucher_innen Kommentare auf der Website hinterlassen, erfassen wir die im Kommentarformular angezeigten Daten sowie die IP-Adresse des Besuchers\/der Besucherin und die Zeichenfolge des Browser-Benutzeragenten, um die Spam-Erkennung zu unterst\u00fctzen.<\/p>\n\n\n\n<p>Eine anonymisierte Zeichenfolge, die aus Ihrer E-Mail-Adresse erstellt wurde (auch als Hash bezeichnet), kann dem Gravatar-Dienst zur Verf\u00fcgung gestellt werden, um festzustellen, ob Sie sie verwenden. Die Datenschutzbestimmungen des Gravatar-Dienstes finden Sie hier:&nbsp;<a href=\"https:\/\/automattic.com\/privacy\/\">https:\/\/automattic.com\/privacy\/<\/a>. Nach Genehmigung Ihres Kommentars ist Ihr Profilbild im Kontext Ihres Kommentars f\u00fcr die \u00d6ffentlichkeit sichtbar.<\/p>\n\n\n\n<h3 class=\"wp-block-heading\">Medien<\/h3>\n\n\n\n<p>Wenn Sie Bilder auf die Website hochladen, sollten Sie das Hochladen von Bildern mit eingebetteten Standortdaten (EXIF GPS) vermeiden. Besucher_innen der Website k\u00f6nnen Standortdaten von Bildern auf der Website herunterladen und extrahieren.<\/p>\n\n\n\n<h3 class=\"wp-block-heading\">Kontaktformulare<\/h3>\n\n\n\n<h3 class=\"wp-block-heading\">Cookies<\/h3>\n\n\n\n<p>Wenn Sie einen Kommentar auf unserer Website hinterlassen, k\u00f6nnen Sie sich daf\u00fcr entscheiden, Ihren Namen, Ihre E-Mail-Adresse und Ihre Webseite in Cookies zu speichern. Diese dienen Ihrer Bequemlichkeit, damit Sie Ihre Daten nicht erneut eingeben m\u00fcssen, wenn Sie einen weiteren Kommentar hinterlassen. Diese Cookies halten ein Jahr lang.<\/p>\n\n\n\n<p>Wenn Sie unsere Anmeldeseite besuchen, setzen wir ein tempor\u00e4res Cookie, um festzustellen, ob Ihr Browser Cookies akzeptiert. Dieses Cookie enth\u00e4lt keine pers\u00f6nlichen Daten und wird beim Schlie\u00dfen Ihres Browsers verworfen.<\/p>\n\n\n\n<h2 class=\"wp-block-heading\">Links von anderen Websites<\/h2>\n\n\n\n<p>Artikel auf dieser Webseite k\u00f6nnen externe Links enthalten (z. B. Videos, Bilder, Artikel usw.). Externe Inhalte von anderen Websites verhalten sich genauso, als h\u00e4tte die\/der Besucher_in die andere Website besucht.<\/p>\n\n\n\n<p>Diese Webseiten sammeln m\u00f6glicherweise Daten \u00fcber Sie, verwenden Cookies, binden zus\u00e4tzliches Tracking von Drittanbietern ein und \u00fcberwachen Ihre Interaktion mit diesen eingebetteten Inhalten, einschlie\u00dflich der Verfolgung Ihrer Interaktion mit den eingebetteten Inhalten, wenn Sie \u00fcber ein Konto verf\u00fcgen und auf dieser Website angemeldet sind.<\/p>\n\n\n\n<p>Der FernFH Shop hat keinen Einfluss auf die Inhalte und die Datenschutzstandards solcherart verlinkter Seiten. Eine Haftung seitens des FernFH Shop f\u00fcr externe Links ist daher ausgeschlossen.<\/p>\n\n\n\n<h2 class=\"wp-block-heading\">Analytik<\/h2>\n\n\n\n<h3 class=\"wp-block-heading\">Mit wem wir Ihre Daten teilen und wie lange wir Ihre Daten speichern<\/h3>\n\n\n\n<p>Wenn Sie einen Kommentar hinterlassen, bleiben der Kommentar und seine Metadaten auf unbestimmte Zeit erhalten. Auf diese Weise k\u00f6nnen wir Folgekommentare automatisch erkennen und genehmigen, anstatt sie in einer Moderationswarteschlange zu halten.<\/p>\n\n\n\n<h3 class=\"wp-block-heading\">Social Media Kan\u00e4le<\/h3>\n\n\n\n<p>Die Beitr\u00e4ge auf dem FernFH Shop k\u00f6nnen von Ihnen \u00fcber Social Media Kan\u00e4le wie Facebook, Twitter, LinkedIn und Whatsapp geteilt werden. Um diese Funktionen nutzen zu k\u00f6nnen, ist ein Login auf Ihren entsprechenden Account mit Ihren pers\u00f6nlichen Anmeldedaten erforderlich. Der FernFH Shop erfasst und speichert hierzu keinerlei Daten.<\/p>\n\n\n\n<p>N\u00e4here Informationen zu den Datenschutzrichtlinien der einzelnen Social Media Kan\u00e4le werden von den jeweiligen Diensten zur Verf\u00fcgung gestellt:<\/p>\n\n\n\n<ul class=\"wp-block-list\">\n<li>Facebook:&nbsp;<a href=\"https:\/\/www.facebook.com\/privacy\/explanation\">https:\/\/www.facebook.com\/privacy\/explanation<\/a><\/li>\n\n\n\n<li>Twitter:&nbsp;<a href=\"https:\/\/twitter.com\/de\/privacy\">https:\/\/twitter.com\/de\/privacy<\/a><\/li>\n\n\n\n<li>LinkedIn:&nbsp;<a href=\"https:\/\/www.linkedin.com\/legal\/privacy-policy?_l=de_DE\">https:\/\/www.linkedin.com\/legal\/privacy-policy?_l=de_DE<\/a><\/li>\n\n\n\n<li>Whatsapp:&nbsp;<a href=\"https:\/\/www.whatsapp.com\/legal\/#privacy-policy-our-global-operations\">https:\/\/www.whatsapp.com\/legal\/#privacy-policy-our-global-operations<\/a><\/li>\n<\/ul>\n\n\n\n<h2 class=\"wp-block-heading\">Welche Rechte haben Sie an Ihren Daten?<\/h2>\n\n\n\n<p>Wenn Sie Kommentare hinterlassen haben, k\u00f6nnen Sie eine exportierte Datei der pers\u00f6nlichen Daten anfordern, die wir \u00fcber Sie gespeichert haben, einschlie\u00dflich aller Daten, die Sie uns zur Verf\u00fcgung gestellt haben. Sie k\u00f6nnen auch verlangen, dass wir alle personenbezogenen Daten l\u00f6schen, die wir \u00fcber Sie gespeichert haben. Dies schlie\u00dft keine Daten ein, die wir zu administrativen, rechtlichen oder Sicherheitszwecken aufbewahren m\u00fcssen.<\/p>\n\n\n\n<h2 class=\"wp-block-heading\">Wohin wir Ihre Daten senden<\/h2>\n\n\n\n<p>Besucher_innenkommentare k\u00f6nnen \u00fcber einen automatisierten Spam-Erkennungsdienst \u00fcberpr\u00fcft werden.<\/p>\n\n\n\n<h2 class=\"wp-block-heading\">Ihre Kontaktinformationen<\/h2>\n\n\n\n<p>Falls Sie Fragen, Beschwerden, Vorschl\u00e4ge oder Zweifel an dieser Datenschutzerkl\u00e4rung oder an der Verwendung oder Offenlegung Ihrer Informationen haben, kontaktieren Sie uns bitte unter\u00a0<a href=\"javascript:linkTo_UnCryptMailto('nbjmup+ebufotdivuaAgfsogi\\\/bd\\\/bu');\">datenschutz(at)fernfh.ac.at<\/a>. Wenn Sie konkret Auskunft bez\u00fcglich Ihrer gespeicherten Daten und deren Verwendung haben wollen, f\u00fcllen Sie bitte das Formular \u201c<a href=\"https:\/\/www.fernfh.ac.at\/fileadmin\/user_upload\/FernFH\/FernFH\/Allgemein\/Datenschutz\/Antrag_auf_Auskunft_-_2019.10.23.pdf\">Auskunft gem\u00e4\u00df Art 15 DSGVO\u201d<\/a>\u00a0aus. Sie haben selbstverst\u00e4ndlich jeder Zeit das Recht eine L\u00f6schung Ihrer beim FernFH Shop gespeicherten Daten einzufordern, hierf\u00fcr senden Sie uns bitte das ausgef\u00fcllte Formular \u201c<a href=\"https:\/\/www.fernfh.ac.at\/fileadmin\/user_upload\/FernFH\/FernFH\/Allgemein\/Datenschutz\/Loeschantrag_-_2019.10.23_01.pdf\" target=\"_blank\" rel=\"noreferrer noopener\">L\u00f6schungsantrag gem\u00e4\u00df Art 17 DSGVO<\/a>\u201d zu oder wenden Sie sich an\u00a0<a href=\"javascript:linkTo_UnCryptMailto('nbjmup+xjefssvgAgfsogi\\\/bd\\\/bu');\">widerruf(at)fernfh.ac.at<\/a>.<\/p>\n\n\n\n<p>Wenn Sie glauben, dass die Verarbeitung Ihrer Daten gegen das Datenschutzrecht verst\u00f6\u00dft oder Ihre datenschutzrechtlichen Anspr\u00fcche sonst in einer Weise verletzt worden sind, k\u00f6nnen Sie sich bei der Aufsichtsbeh\u00f6rde beschweren. In \u00d6sterreich ist dies die&nbsp;<a href=\"https:\/\/www.dsb.gv.at\/\" target=\"_blank\" rel=\"noreferrer noopener\">Datenschutzbeh\u00f6rde<\/a>.<\/p>\n\n\n\n<h2 class=\"wp-block-heading\">Privathsph\u00e4reeinstellungen<\/h2>\n\n\n<p><a  href=\"#consent-change\" role=\"button\" id=\"rcb-sc-link-change\" data-success-message=\"\" class=\"rcb-sc-link rcb-sc-link-change \">Privatsph\u00e4re-Einstellungen \u00e4ndern<\/a> | <a  href=\"#consent-history\" role=\"button\" id=\"rcb-sc-link-history\" data-success-message=\"\" class=\"rcb-sc-link rcb-sc-link-history \">Historie der Privatsph\u00e4re-Einstellungen<\/a> | <a  href=\"#consent-revoke\" role=\"button\" id=\"rcb-sc-link-revoke\" data-success-message=\"Du hast die Einwilligung erfolgreich widerrufen. Die Seite wird nun neu geladen.\" class=\"rcb-sc-link rcb-sc-link-revoke \">Einwilligungen widerrufen<\/a><\/p>\n","protected":false},"excerpt":{"rendered":"<p>Wer wir sind Diese Richtlinie erkl\u00e4rt, welche personenbezogenen Daten w\u00e4hrend eines Besuchs des FernFH Shops bzw. beim Abrufen der unter der Domain&nbsp;https:\/\/shop.fernfh.ac.at\/&nbsp; bereitgestellten Inhalte erhoben werden und wie die wir [&hellip;]<\/p>\n","protected":false},"author":1,"featured_media":0,"parent":0,"menu_order":0,"comment_status":"closed","ping_status":"open","template":"","meta":{"footnotes":""},"class_list":["post-3","page","type-page","status-publish","hentry"],"_links":{"self":[{"href":"https:\/\/shop.fernfh.ac.at\/index.php?rest_route=\/wp\/v2\/pages\/3","targetHints":{"allow":["GET"]}}],"collection":[{"href":"https:\/\/shop.fernfh.ac.at\/index.php?rest_route=\/wp\/v2\/pages"}],"about":[{"href":"https:\/\/shop.fernfh.ac.at\/index.php?rest_route=\/wp\/v2\/types\/page"}],"author":[{"embeddable":true,"href":"https:\/\/shop.fernfh.ac.at\/index.php?rest_route=\/wp\/v2\/users\/1"}],"replies":[{"embeddable":true,"href":"https:\/\/shop.fernfh.ac.at\/index.php?rest_route=%2Fwp%2Fv2%2Fcomments&post=3"}],"version-history":[{"count":4,"href":"https:\/\/shop.fernfh.ac.at\/index.php?rest_route=\/wp\/v2\/pages\/3\/revisions"}],"predecessor-version":[{"id":488,"href":"https:\/\/shop.fernfh.ac.at\/index.php?rest_route=\/wp\/v2\/pages\/3\/revisions\/488"}],"wp:attachment":[{"href":"https:\/\/shop.fernfh.ac.at\/index.php?rest_route=%2Fwp%2Fv2%2Fmedia&parent=3"}],"curies":[{"name":"wp","href":"https:\/\/api.w.org\/{rel}","templated":true}]}}