{"id":23,"date":"2022-06-20T10:59:14","date_gmt":"2022-06-20T08:59:14","guid":{"rendered":"https:\/\/fs.fernfh.ac.at\/?page_id=23"},"modified":"2022-08-31T14:04:25","modified_gmt":"2022-08-31T12:04:25","slug":"agb","status":"publish","type":"page","link":"https:\/\/shop.fernfh.ac.at\/?page_id=23","title":{"rendered":"Allgemeine Gesch\u00e4ftsbedingungen"},"content":{"rendered":"\n<p><strong>Ferdinand Porsche Fernfachhochschule GmbH<\/strong><br>Ferdinand Porsche Ring 3<br>A-2700 Wiener Neustadt<\/p>\n\n\n\n<p>Tel: \u00a0 \u00a0 +43-2622-32600<br>Email: shop@fernfh.ac.at<br>UID: \u00a0 \u00a0ATU 71870228<\/p>\n\n\n\n<p><strong>Geltungsbereich und Anbieter<\/strong><\/p>\n\n\n\n<p>Diese allgemeinen Gesch\u00e4ftsbedingungen gelten f\u00fcr alle Bestellungen, die Sie bei dem Online-Shop (shop.fernfh.ac.at) der&nbsp;Ferdinand Porsche Fernfachhochschule GmbH&nbsp;(in der Folge FernFH) t\u00e4tigen.<\/p>\n\n\n\n<p>Das Warenangebot in unserem Online-Shop richtet sich ausschlie\u00dflich an Studierende, Lehrende und Mitarbeiter_innen der FernFH, die das 18. Lebensjahr vollendet haben.<\/p>\n\n\n\n<p>Unsere Lieferungen, Leistungen und Angebote erfolgen ausschlie\u00dflich auf der Grundlage dieser Allgemeinen Gesch\u00e4ftsbedingungen. Die Allgemeinen Gesch\u00e4ftsbedingungen gelten gegen\u00fcber Unternehmen somit auch f\u00fcr alle k\u00fcnftigen Gesch\u00e4ftsbeziehungen, auch wenn sie nicht nochmals ausdr\u00fccklich vereinbart werden. Der Einbeziehung von Allgemeinen Gesch\u00e4ftsbedingungen eines Kunden, die unseren Allgemeinen Gesch\u00e4ftsbedingungen widersprechen, wird schon jetzt widersprochen.<\/p>\n\n\n\n<p>Vertragssprache ist ausschlie\u00dflich deutsch.<\/p>\n\n\n\n<p>Sie k\u00f6nnen die derzeit g\u00fcltigen Allgemeinen Gesch\u00e4ftsbedingungen auf der Website abrufen und ausdrucken.<\/p>\n\n\n\n<p>Achtung: &nbsp; &nbsp; &nbsp;Versand der Ware nur innerhalb von \u00d6sterreich!&nbsp;<br>Please note: Delivery only within Austria. No delivery to other countries!<\/p>\n\n\n\n<p><strong>Vertragsschluss<\/strong><\/p>\n\n\n\n<p>Die Warenpr\u00e4sentation im Online-Shop stellt keinen verbindlichen Antrag auf den Abschluss eines Kaufvertrages dar. Vielmehr handelt es sich um eine unverbindliche Aufforderung, im Online-Shop Waren zu bestellen.<\/p>\n\n\n\n<p>Mit Anklicken des Buttons \u201eJetzt zahlungspflichtig bestellen\u201c geben Sie ein verbindliches Kaufangebot ab.<\/p>\n\n\n\n<p>Nach Eingang des Kaufangebots erhalten Sie eine automatisch erzeugte EMail, mit der wir best\u00e4tigen, dass wir Ihre Bestellung erhalten haben<br>(Eingangsbest\u00e4tigung). Diese Eingangsbest\u00e4tigung stellt noch keine Annahme Ihres Kaufangebots dar. Ein Vertrag kommt durch die Eingangsbest\u00e4tigung noch nicht zustande.<\/p>\n\n\n\n<p>Ein Kaufvertrag \u00fcber die Ware kommt erst zustande, wenn wir ausdr\u00fccklich die Annahme des Kaufangebots erkl\u00e4ren oder wenn wir die Ware \u2013 ohne vorherige ausdr\u00fcckliche Annahmeerkl\u00e4rung \u2013 an Sie versenden.<\/p>\n\n\n\n<p><strong>Kaufpreise<\/strong><\/p>\n\n\n\n<p>Die auf den Produktseiten genannten Preise enthalten die gesetzliche Mehrwertsteuer und sonstige Preisbestandteile und verstehen sich zzgl. der jeweiligen Versandkosten.<\/p>\n\n\n\n<p><strong>Zahlungsbedingungen; Verzug<\/strong><\/p>\n\n\n\n<p>Die Zahlung erfolgt wahlweise mit:<\/p>\n\n\n\n<p><em>Sofort \u00dcberweisung<\/em>&nbsp;oder<br><em>Kreditkarte<\/em>&nbsp;(VISA, Master Card oder American Express)<\/p>\n\n\n\n<p>Bei der Zahlungsart Sofort \u00dcberweisung werden Sie nach dem Bestellvorgang auf die Payment-Seite von Sofort\u00fcberweisung.de weitergeleitet. Hier werden Sie unter Eingabe von PIN und Tan mit der Software des Anbieters zu Ihrer Bank weitergeleitet. Die Entgegennahme der \u00dcberweisung durch die Bank wird Ihnen umgehend angezeigt. Die \u00dcbertragung von sensiblen Daten erfolgt \u00fcber eine sichere und SSL-verschl\u00fcsselte Verbindung. Die PIN- und TAN Daten werden zu keinem Zeitpunkt gespeichert oder archiviert. Bei Zahlung mit Sofort\u00fcberweisung, wird Ihre Bestellung umgehend bearbeitet<\/p>\n\n\n\n<p>Bei Zahlung per Kreditkarte der Kaufpreis zum Zeitpunkt der Bestellung auf Ihrer Kreditkarte reserviert (\u201eAutorisierung\u201c). Die tats\u00e4chliche Belastung Ihres Kreditkartenkontos erfolgt in dem Zeitpunkt, in dem wir die Ware an Sie versenden.<\/p>\n\n\n\n<p><strong>Aufrechung\/Zur\u00fcckbehaltungsrecht<\/strong><\/p>\n\n\n\n<p>Ein Recht zur Aufrechnung steht Ihnen nur dann zu, wenn Ihre Gegenforderung rechtskr\u00e4ftig festgestellt worden ist, von uns nicht bestritten<br>oder anerkannt wird oder in einem engen synallagmatischen Verh\u00e4ltnis zu unserer Forderung steht.<\/p>\n\n\n\n<p>Sie k\u00f6nnen ein Zur\u00fcckbehaltungsrecht nur aus\u00fcben, soweit Ihre Gegenforderung auf demselben Vertragsverh\u00e4ltnis beruht.<\/p>\n\n\n\n<p><strong>Lieferung; Eigentumsvorbehalt<\/strong><\/p>\n\n\n\n<p>Sofern nicht anders vereinbart, erfolgt die Lieferung der Ware von unserem Lager an die von Ihnen angegebene Adresse. Bei Download-Produkten wird ein Link zum Herunterladen des Artikels zur Verf\u00fcgung gestellt.<\/p>\n\n\n\n<p>Die Ware bleibt bis zur vollst\u00e4ndigen Zahlung des Kaufpreises unser Eigentum.<\/p>\n\n\n\n<p><strong>Widerrufsbelehrung<\/strong><\/p>\n\n\n\n<p>F\u00fcr den Fall, dass Sie Verbraucher sind, also den Kauf zu Zwecken t\u00e4tigen, die \u00fcberwiegend weder ihrer gewerblichen noch ihrer selbst\u00e4ndigen beruflichen T\u00e4tigkeit zugerechnet werden k\u00f6nnen, haben Sie ein Widerrufsrecht nach Ma\u00dfgabe der folgenden Bestimmungen.<\/p>\n\n\n\n<p>Widerrufsrecht<\/p>\n\n\n\n<p>Sie haben das Recht, binnen vierzehn Tagen ohne Angabe von Gr\u00fcnden diesen Vertrag zu widerrufen. Die Widerrufsfrist betr\u00e4gt vierzehn Tage ab dem Tag, an dem Sie oder ein von Ihnen benannter Dritter, der nicht der Bef\u00f6rderer ist, die Waren in Besitz<br>genommen haben bzw. hat. Um Ihr Widerrufsrecht auszu\u00fcben, senden Sie uns ein Mail an shop@fernfh.ac.at mit einer Erl\u00e4uterung \u00fcber Ihren Entschluss, diesen Vertrag zu widerrufen. Zur Wahrung der Widerrufsfrist reicht es aus, dass Sie die Mitteilung \u00fcber die Aus\u00fcbung des Widerrufsrechts vor Ablauf der Widerrufsfrist absenden.<\/p>\n\n\n\n<p>Folgen des Widerrufs<\/p>\n\n\n\n<p>Wenn Sie diesen Vertrag widerrufen, haben wir Ihnen alle Zahlungen, die wir von Ihnen erhalten haben, einschlie\u00dflich der Lieferkosten (mit Ausnahme der zus\u00e4tzlichen Kosten, die sich daraus ergeben, dass Sie eine andere Art der Lieferung als die von uns angebotene, g\u00fcnstigste Standardlieferung gew\u00e4hlt haben), unverz\u00fcglich und sp\u00e4testens binnen vierzehn Tagen ab dem Tag zur\u00fcckzuzahlen, an dem die Mitteilung \u00fcber Ihren Widerruf dieses Vertrags bei uns eingegangen ist. F\u00fcr diese R\u00fcckzahlung verwenden wir dasselbe Zahlungsmittel, das Sie bei der urspr\u00fcnglichen Transaktion eingesetzt haben, es sei denn, mit Ihnen wurde ausdr\u00fccklich etwas anderes vereinbart; in keinem Fall werden Ihnen wegen dieser R\u00fcckzahlung Entgelte berechnet. Wir k\u00f6nnen die R\u00fcckzahlung verweigern, bis wir die Waren wieder zur\u00fcckerhalten haben oder bis Sie den Nachweis erbracht haben, dass Sie die Waren zur\u00fcckgesandt haben, je nachdem, welches der fr\u00fchere Zeitpunkt ist.<br>Sie haben die Waren unverz\u00fcglich und in jedem Fall sp\u00e4testens binnen vierzehn Tagen ab dem Tag, an dem Sie uns \u00fcber den Widerruf dieses Vertrags unterrichten, an uns zur\u00fcckzusenden oder zu \u00fcbergeben. Die Frist ist gewahrt, wenn Sie die Waren vor Ablauf der Frist von vierzehn Tagen absenden.<\/p>\n\n\n\n<p>Sie tragen die unmittelbaren Kosten der R\u00fccksendung der Waren. Sie m\u00fcssen f\u00fcr einen etwaigen Wertverlust der Waren nur aufkommen, wenn dieser Wertverlust auf einen zur Pr\u00fcfung der Beschaffenheit, Eigenschaften und Funktionsweise der Waren nicht notwendigen Umgang mit ihnen zur\u00fcckzuf\u00fchren ist.<\/p>\n\n\n\n<p>Das Widerrufsrecht besteht nicht bei Lieferung von Waren, die nicht vorgefertigt sind und f\u00fcr deren Herstellung eine individuelle Auswahl oder Bestimmung durch den Verbraucher ma\u00dfgeblich ist oder die eindeutig auf die pers\u00f6nlichen Bed\u00fcrfnisse des Verbrauchers zugeschnitten sind (z. B. T-Shirts mit Ihrem Foto und Ihrem Namen), bei Lieferung versiegelter Waren, die aus Gr\u00fcnden des Gesundheitsschutzes oder der Hygiene nicht zur R\u00fcckgabe geeignet sind, wenn ihre Versiegelung nach der Lieferung entfernt wurde oder bei Lieferung von Ton- oder Videoaufnahmen oder Computersoftware in einer versiegelten Packung, wenn die Versiegelung nach der Lieferung entfernt wurde.<\/p>\n\n\n\n<p>Bitte vermeiden Sie Besch\u00e4digungen und Verunreinigungen. Senden Sie die Ware bitte m\u00f6glichst in Originalverpackung mit s\u00e4mtlichem Zubeh\u00f6r und mit allen Verpackungsbestandteilen an uns zur\u00fcck. Verwenden Sie ggf. eine sch\u00fctzende Umverpackung. Wenn Sie die Originalverpackung nicht mehr besitzen, sorgen Sie bitte mit einer geeigneten Verpackung f\u00fcr einen ausreichenden Schutz vor Transportsch\u00e4den, um Schadensersatzanspr\u00fcche wegen Besch\u00e4digungen infolge mangelhafter Verpackung zu vermeiden.<\/p>\n\n\n\n<p>Bitte rufen Sie vor R\u00fccksendung unter der [Tel.Nr. +43-2622-32600-500] bei uns an, um die R\u00fccksendung anzuk\u00fcndigen. Auf diese Weise erm\u00f6glichen Sie uns eine schnellstm\u00f6gliche Zuordnung der Produkte.<\/p>\n\n\n\n<p>Bitte beachten Sie, dass die Beschreibung der beiden vorigen Abs\u00e4tzen Modalit\u00e4ten nicht Voraussetzung f\u00fcr die wirksame Aus\u00fcbung des Widerrufsrechts sind.<\/p>\n\n\n\n<p><strong>Ausnahme vom R\u00fccktrittsrecht (Widerrufsrecht)<\/strong><\/p>\n\n\n\n<p>Der Verbraucher hat kein R\u00fccktrittsrecht (Widerrufsrecht) f\u00fcr die Lieferung von nicht auf einem k\u00f6rperlichen Datentr\u00e4ger gespeicherten digitalen Inhalten, wenn der Unternehmer \u2013 mit ausdr\u00fccklicher Zustimmung des Verbrauchers, verbunden mit dessen Kenntnisnahme vom Verlust des R\u00fccktrittsrechts (Widerrufsrechts) bei vorzeitigem Beginn mit der Vertragserf\u00fcllung und nach Zurverf\u00fcgungstellung einer Ausfertigung oder Best\u00e4tigung nach \u00a7 7 Abs 3 FAGG \u2013 noch vor Ablauf der sonst bestehenden R\u00fccktrittsfrist mit der Lieferung begonnen hat.<\/p>\n\n\n\n<p>Gem \u00a7 7 Abs 3 FAGG wird dem Verbraucher innerhalb einer angemessenen Frist nach dem Vertragsabschluss, sp\u00e4testens jedoch vor Beginn der Leistungserbringung, eine Best\u00e4tigung des geschlossenen Vertrages auf einem dauerhaften Datentr\u00e4ger (zB E-Mail) verbunden mit den in \u00a7 4 Abs 1 FAGG genannten Informationen zur Verf\u00fcgung gestellt, soferne diese Informationen nicht schon vorher auf dauerhaftem Datentr\u00e4ger zur Verf\u00fcgung gestellt wurden. Die Vertragsbest\u00e4tigung enth\u00e4lt jedenfalls eine Best\u00e4tigung der Zustimmung zur sofortigen Leistungserbringung und die Kenntnisnahme des Verbrauchers vom dadurch bewirkten Entfall des R\u00fccktrittsrechts (Widerrufsrechts).\u201c<\/p>\n\n\n\n<p><strong>Transportsch\u00e4den<\/strong><\/p>\n\n\n\n<p>Werden Waren mit offensichtlichen Transportsch\u00e4den angeliefert, so reklamieren Sie solche Fehler bitte sofort bei dem Zusteller und nehmen Sie bitte schnellstm\u00f6glich Kontakt zu uns auf.<\/p>\n\n\n\n<p>Die Vers\u00e4umung einer Reklamation oder Kontaktaufnahme hat f\u00fcr Ihre gesetzlichen Gew\u00e4hrleistungsrechte keine Konsequenzen. Sie helfen uns aber, unsere eigenen Anspr\u00fcche gegen\u00fcber dem Frachtf\u00fchrer bzw. der Transportversicherung geltend machen zu k\u00f6nnen.<\/p>\n\n\n\n<p><strong>Gew\u00e4hrleistung<\/strong><\/p>\n\n\n\n<p>Soweit nicht ausdr\u00fccklich etwas anderes vereinbart ist, richten sich Ihre Gew\u00e4hrleistungsanspr\u00fcche nach den gesetzlichen Bestimmungen des<br>Kaufrechts.<\/p>\n\n\n\n<p>Wenn Sie Verbraucher sind, betr\u00e4gt die Verj\u00e4hrungsfrist f\u00fcr Gew\u00e4hrleistungsanspr\u00fcche bei gebrauchten Sachenabweichend von den gesetzlichen Bestimmungen &#8211; ein Jahr. Diese Beschr\u00e4nkung gilt nicht f\u00fcr Anspr\u00fcche aufgrund von Sch\u00e4den aus der Verletzung des Lebens, des K\u00f6rpers oder der Gesundheit oder aus der Verletzung einer wesentlichen Vertragspflicht, deren Erf\u00fcllung die ordnungsgem\u00e4\u00dfe Durchf\u00fchrung des Vertrags \u00fcberhaupt erst erm\u00f6glicht und auf deren Einhaltung der Vertragspartner regelm\u00e4\u00dfig vertrauen darf (Kardinalpflicht) sowie f\u00fcr Anspr\u00fcche aufgrund von sonstigen Sch\u00e4den, die auf einer vors\u00e4tzlichen oder grob fahrl\u00e4ssigen Pflichtverletzung des Verwenders oder seiner Erf\u00fcllungsgehilfen beruhen.<\/p>\n\n\n\n<p>Im \u00dcbrigen gelten f\u00fcr die Gew\u00e4hrleistung die gesetzlichen Bestimmungen.<\/p>\n\n\n\n<p>Wenn Sie Unternehmer sind, gelten die gesetzlichen Bestimmungen mit folgenden Modifikationen:<br>&#8211; F\u00fcr die Beschaffenheit der Ware sind nur unsere eigenen Angaben und die Produktbeschreibung des Herstellers verbindlich, nicht jedoch \u00f6ffentliche Anpreisungen und \u00c4u\u00dferungen und sonstige Werbung des Herstellers.<br>&#8211; Sie sind verpflichtet, die Ware unverz\u00fcglich und mit der gebotenen Sorgfalt auf Qualit\u00e4ts- und Mengenabweichungen zu untersuchen und uns offensichtliche M\u00e4ngel binnen 7 Tagen ab Empfang der Ware anzuzeigen. Zur Fristwahrung reicht die rechtzeitige Absendung. Dies gilt auch f\u00fcr<br>sp\u00e4ter festgestellte verdeckte M\u00e4ngel ab Entdeckung. Bei Verletzung der Untersuchungs- und R\u00fcgepflicht ist die Geltendmachung der Gew\u00e4hrleistungsanspr\u00fcche ausgeschlossen.<br>&#8211; Bei M\u00e4ngeln leisten wir nach unserer Wahl Gew\u00e4hr durch Nachbesserung oder Ersatzlieferung (Nacherf\u00fcllung). Im Falle der Nachbesserung m\u00fcssen wir nicht die erh\u00f6hten Kosten tragen, die durch die Verbringung der Ware an einen anderen Ort als den Erf\u00fcllungsort entstehen, sofern die Verbringung nicht dem bestimmungsgem\u00e4\u00dfen Gebrauch der Ware entspricht.<br>&#8211; Schl\u00e4gt die Nacherf\u00fcllung zweimal fehl, k\u00f6nnen Sie nach Ihrer Wahl Minderung verlangen oder vom Vertrag zur\u00fccktreten.<br>&#8211; Die Gew\u00e4hrleistungsfrist betr\u00e4gt ein Jahr ab Ablieferung der Ware.<\/p>\n\n\n\n<p><strong>Haftung<\/strong><\/p>\n\n\n\n<p>Unbeschr\u00e4nkte Haftung: Wir haften unbeschr\u00e4nkt f\u00fcr Vorsatz und grobe Fahrl\u00e4ssigkeit sowie nach Ma\u00dfgabe des Produkthaftungsgesetzes. F\u00fcr leichte Fahrl\u00e4ssigkeit haften wir bei Sch\u00e4den aus der Verletzung des Lebens, des K\u00f6rpers und der Gesundheit von Personen.<\/p>\n\n\n\n<p>Im \u00dcbrigen gilt folgende beschr\u00e4nkte Haftung: Bei leichter Fahrl\u00e4ssigkeit haften wir nur im Falle der Verletzung einer wesentlichen Vertragspflicht, deren Erf\u00fcllung die ordnungsgem\u00e4\u00dfe Durchf\u00fchrung des Vertrags \u00fcberhaupt erst erm\u00f6glicht und auf deren Einhaltung Sie regelm\u00e4\u00dfig vertrauen d\u00fcrfen (Kardinalpflicht). Die Haftung f\u00fcr leichte Fahrl\u00e4ssigkeit ist der H\u00f6he nach beschr\u00e4nkt auf die bei Vertragsschluss vorhersehbaren Sch\u00e4den, mit deren Entstehung typischerweise gerechnet werden muss. Diese Haftungsbeschr\u00e4nkung gilt auch zugunsten unserer Erf\u00fcllungsgehilfen.<\/p>\n\n\n\n<p><strong>Urheberrecht \/ Schadenersatz<\/strong><\/p>\n\n\n\n<p>S\u00e4mtliche auf unserer Website enthaltenen Logos, Abbildungen, Fotos etc. wurden mit hohem finanziellem Aufwand hergestellt. Diese sind unser Eigentum. Jede Verwendung bedarf unserer schriftlichen Zustimmung bzw. des Abschlusses einer Lizenzvereinbarung. Missbr\u00e4uchliche Verwendung kann von uns verfolgt werden.<\/p>\n\n\n\n<p><strong>Schlussbestimmungen<\/strong><\/p>\n\n\n\n<p>Sollten eine oder mehrere Bestimmungen dieser AGB unwirksam sein oder werden, wird dadurch die Wirksamkeit der anderen Bestimmungen im \u00dcbrigen nicht ber\u00fchrt.<\/p>\n\n\n\n<p>Auf Vertr\u00e4ge zwischen uns und Ihnen ist ausschlie\u00dflich \u00f6sterreichisches Recht anwendbar unter Ausschluss der Bestimmungen der United Nations Convention on Contracts for the International Sale of Goods (CISG, \u201eUNKaufrecht\u201c).<\/p>\n\n\n\n<p>Erf\u00fcllungsort und ausschlie\u00dflicher Gerichtsstand ist, sofern kein Zwangsgerichtsstand besteht, 2700 Wiener Neustadt.&nbsp;<\/p>\n","protected":false},"excerpt":{"rendered":"<p>Ferdinand Porsche Fernfachhochschule GmbHFerdinand Porsche Ring 3A-2700 Wiener Neustadt Tel: \u00a0 \u00a0 +43-2622-32600Email: shop@fernfh.ac.atUID: \u00a0 \u00a0ATU 71870228 Geltungsbereich und Anbieter Diese allgemeinen Gesch\u00e4ftsbedingungen gelten f\u00fcr alle Bestellungen, die Sie bei [&hellip;]<\/p>\n","protected":false},"author":1,"featured_media":0,"parent":0,"menu_order":0,"comment_status":"closed","ping_status":"closed","template":"","meta":{"footnotes":""},"class_list":["post-23","page","type-page","status-publish","hentry"],"_links":{"self":[{"href":"https:\/\/shop.fernfh.ac.at\/index.php?rest_route=\/wp\/v2\/pages\/23","targetHints":{"allow":["GET"]}}],"collection":[{"href":"https:\/\/shop.fernfh.ac.at\/index.php?rest_route=\/wp\/v2\/pages"}],"about":[{"href":"https:\/\/shop.fernfh.ac.at\/index.php?rest_route=\/wp\/v2\/types\/page"}],"author":[{"embeddable":true,"href":"https:\/\/shop.fernfh.ac.at\/index.php?rest_route=\/wp\/v2\/users\/1"}],"replies":[{"embeddable":true,"href":"https:\/\/shop.fernfh.ac.at\/index.php?rest_route=%2Fwp%2Fv2%2Fcomments&post=23"}],"version-history":[{"count":4,"href":"https:\/\/shop.fernfh.ac.at\/index.php?rest_route=\/wp\/v2\/pages\/23\/revisions"}],"predecessor-version":[{"id":122,"href":"https:\/\/shop.fernfh.ac.at\/index.php?rest_route=\/wp\/v2\/pages\/23\/revisions\/122"}],"wp:attachment":[{"href":"https:\/\/shop.fernfh.ac.at\/index.php?rest_route=%2Fwp%2Fv2%2Fmedia&parent=23"}],"curies":[{"name":"wp","href":"https:\/\/api.w.org\/{rel}","templated":true}]}}